{"id":16832,"date":"2010-04-06T11:19:36","date_gmt":"2010-04-06T09:19:36","guid":{"rendered":"http:\/\/www.sorosoro.org\/?page_id=16832"},"modified":"2011-01-10T12:12:55","modified_gmt":"2011-01-10T11:12:55","slug":"kikapu","status":"publish","type":"page","link":"https:\/\/www.sorosoro.org\/en\/kikapu\/","title":{"rendered":"Kikapu"},"content":{"rendered":"<p style=\"text-align: justify;\">Data gathered by the <a href=\"http:\/\/www.unilat.org\/SG\/index.fr.asp\">Latin Union<\/a>, engaged to promote the cultural heritages of their 37 state members.<\/p>\n<p style=\"text-align: justify;\">\n<h5 style=\"text-align: justify;\">Data on Kikapu<\/h5>\n<p style=\"text-align: justify;\"><strong> <\/strong><\/p>\n<p style=\"text-align: justify;\"><strong>Alternative names: <\/strong>Kikap\u00fa, Kikaapoa, Kicapus, Kickapoo, Kikabeeux, Kikapaux, Kikapoo, Kuicapause<\/p>\n<p style=\"text-align: justify;\">\n<p style=\"text-align: justify;\"><strong>Classification: <\/strong><a href=\"https:\/\/www.sorosoro.org\/en\/algic-or-algonquian-languages\">Algic<\/a><\/p>\n<p style=\"text-align: justify;\">\n<p style=\"text-align: justify;\">Note. Kikapu is generally considered close to Fox (or Mesquakie) and Sauk (or Sac). Mithun (1999) regards them as three variants of the same dialectal group, with around a thousand speakers all together.<\/p>\n<p style=\"text-align: justify;\">\n<p style=\"text-align: justify;\"><strong>Area: <\/strong>USA (Illinois), Mexico (Cohahuila)<\/p>\n<p style=\"text-align: justify;\">\n<p style=\"text-align: justify;\"><strong>Number of speakers:<\/strong><\/p>\n<p style=\"text-align: justify;\">\n<p style=\"text-align: justify;\">138 in Mexico (INALI figures). Nearly 400 in USA (UNESCO figures).<\/p>\n<p style=\"text-align: justify;\">\n<p style=\"text-align: justify;\"><strong>Language status:<\/strong><\/p>\n<p style=\"text-align: justify;\">\n<p style=\"text-align: justify;\">USA (Illinois)\t\t\tNo official status<\/p>\n<p style=\"text-align: justify;\">Mexico (Cohahuila)\t\tNo official status<\/p>\n<p style=\"text-align: justify;\">\n<p style=\"text-align: justify;\"><strong>Vitality &amp; transmission:<\/strong><\/p>\n<p style=\"text-align: justify;\">\n<p style=\"text-align: justify;\">The UNESCO considers Kikapu as \u201cseriously endangered\u201d (level 3 on a scale of 5). Most native speakers are very old, and the language is probably no longer passed on in family circles.<\/p>\n<p style=\"text-align: justify;\">\n<h5 style=\"text-align: justify;\">Sources, bibliography &amp; links for more information<\/h5>\n<p style=\"text-align: justify;\">\n<p style=\"text-align: justify;\">Instituto Nacional de Lenguas Ind\u00edgenas \u2013 INALI (2005), Cat\u00e1logo de lenguas ind\u00edgenas mexicanas: Cartograf\u00eda contempor\u00e1nea de sus asentamientos hist\u00f3ricos<\/p>\n<p style=\"text-align: justify;\">\n<p style=\"text-align: justify;\">Mithun, Marianne (1999). The languages of native North America. Cambridge, UK: Cambridge University Press.<\/p>\n<p style=\"text-align: justify;\">\n<p style=\"text-align: justify;\">Database and language typology:<\/p>\n<p style=\"text-align: justify;\"><a href=\"http:\/\/www.unicaen.fr\/typo_langues\/consultation_langue.php?malang=fr&amp;code_SIL=KIC&amp;langue=Kikapu\">http:\/\/www.unicaen.fr\/typo_langues\/consultation_langue.php?malang=fr&amp;code_SIL=KIC&amp;langue=Kikapu<\/a><\/p>\n<p style=\"text-align: justify;\">\n<p style=\"text-align: justify;\">Native-languages.org page on Kikapu (English):<\/p>\n<p style=\"text-align: justify;\"><a href=\"http:\/\/www.native-languages.org\/kickapoo.htm\">http:\/\/www.native-languages.org\/kickapoo.htm<\/a><\/p>\n<p style=\"text-align: justify;\">\n","protected":false},"excerpt":{"rendered":"<p>Data gathered by the Latin Union, engaged to promote the cultural heritages of their 37 state members. Data on Kikapu Alternative names: Kikap\u00fa, Kikaapoa, Kicapus, Kickapoo, Kikabeeux, Kikapaux, Kikapoo, Kuicapause Classification: Algic Note. Kikapu is generally considered close to Fox (or Mesquakie) and Sauk (or Sac). Mithun (1999) regards them as three variants of the [&hellip;]<\/p>\n","protected":false},"author":14,"featured_media":0,"parent":0,"menu_order":0,"comment_status":"closed","ping_status":"open","template":"","meta":{"footnotes":""},"class_list":["post-16832","page","type-page","status-publish","hentry"],"yoast_head":"<!-- This site is optimized with the Yoast SEO plugin v27.0 - https:\/\/yoast.com\/product\/yoast-seo-wordpress\/ -->\n<title>Kikapu - Sorosoro<\/title>\n<meta name=\"robots\" content=\"index, follow, max-snippet:-1, max-image-preview:large, max-video-preview:-1\" \/>\n<link rel=\"canonical\" href=\"https:\/\/www.sorosoro.org\/en\/kikapu\/\" \/>\n<meta property=\"og:locale\" content=\"en_US\" \/>\n<meta property=\"og:type\" content=\"article\" \/>\n<meta property=\"og:title\" content=\"Kikapu - Sorosoro\" \/>\n<meta property=\"og:description\" content=\"Data gathered by the Latin Union, engaged to promote the cultural heritages of their 37 state members. Data on Kikapu Alternative names: Kikap\u00fa, Kikaapoa, Kicapus, Kickapoo, Kikabeeux, Kikapaux, Kikapoo, Kuicapause Classification: Algic Note. Kikapu is generally considered close to Fox (or Mesquakie) and Sauk (or Sac). Mithun (1999) regards them as three variants of the [&hellip;]\" \/>\n<meta property=\"og:url\" content=\"https:\/\/www.sorosoro.org\/en\/kikapu\/\" \/>\n<meta property=\"og:site_name\" content=\"Sorosoro\" \/>\n<meta property=\"article:modified_time\" content=\"2011-01-10T11:12:55+00:00\" \/>\n<meta name=\"twitter:card\" content=\"summary_large_image\" \/>\n<meta name=\"twitter:label1\" content=\"Est. reading time\" \/>\n\t<meta name=\"twitter:data1\" content=\"1 minute\" \/>\n<script type=\"application\/ld+json\" class=\"yoast-schema-graph\">{\"@context\":\"https:\/\/schema.org\",\"@graph\":[{\"@type\":\"WebPage\",\"@id\":\"https:\/\/www.sorosoro.org\/en\/kikapu\/\",\"url\":\"https:\/\/www.sorosoro.org\/en\/kikapu\/\",\"name\":\"Kikapu - Sorosoro\",\"isPartOf\":{\"@id\":\"https:\/\/www.sorosoro.org\/en\/#website\"},\"datePublished\":\"2010-04-06T09:19:36+00:00\",\"dateModified\":\"2011-01-10T11:12:55+00:00\",\"breadcrumb\":{\"@id\":\"https:\/\/www.sorosoro.org\/en\/kikapu\/#breadcrumb\"},\"inLanguage\":\"en-US\",\"potentialAction\":[{\"@type\":\"ReadAction\",\"target\":[\"https:\/\/www.sorosoro.org\/en\/kikapu\/\"]}]},{\"@type\":\"BreadcrumbList\",\"@id\":\"https:\/\/www.sorosoro.org\/en\/kikapu\/#breadcrumb\",\"itemListElement\":[{\"@type\":\"ListItem\",\"position\":1,\"name\":\"Accueil\",\"item\":\"https:\/\/www.sorosoro.org\/en\/\"},{\"@type\":\"ListItem\",\"position\":2,\"name\":\"Kikapu\"}]},{\"@type\":\"WebSite\",\"@id\":\"https:\/\/www.sorosoro.org\/en\/#website\",\"url\":\"https:\/\/www.sorosoro.org\/en\/\",\"name\":\"Sorosoro\",\"description\":\"Pour que vivent les langues du monde !\",\"potentialAction\":[{\"@type\":\"SearchAction\",\"target\":{\"@type\":\"EntryPoint\",\"urlTemplate\":\"https:\/\/www.sorosoro.org\/en\/?s={search_term_string}\"},\"query-input\":{\"@type\":\"PropertyValueSpecification\",\"valueRequired\":true,\"valueName\":\"search_term_string\"}}],\"inLanguage\":\"en-US\"}]}<\/script>\n<!-- \/ Yoast SEO plugin. -->","yoast_head_json":{"title":"Kikapu - Sorosoro","robots":{"index":"index","follow":"follow","max-snippet":"max-snippet:-1","max-image-preview":"max-image-preview:large","max-video-preview":"max-video-preview:-1"},"canonical":"https:\/\/www.sorosoro.org\/en\/kikapu\/","og_locale":"en_US","og_type":"article","og_title":"Kikapu - Sorosoro","og_description":"Data gathered by the Latin Union, engaged to promote the cultural heritages of their 37 state members. Data on Kikapu Alternative names: Kikap\u00fa, Kikaapoa, Kicapus, Kickapoo, Kikabeeux, Kikapaux, Kikapoo, Kuicapause Classification: Algic Note. Kikapu is generally considered close to Fox (or Mesquakie) and Sauk (or Sac). Mithun (1999) regards them as three variants of the [&hellip;]","og_url":"https:\/\/www.sorosoro.org\/en\/kikapu\/","og_site_name":"Sorosoro","article_modified_time":"2011-01-10T11:12:55+00:00","twitter_card":"summary_large_image","twitter_misc":{"Est. reading time":"1 minute"},"schema":{"@context":"https:\/\/schema.org","@graph":[{"@type":"WebPage","@id":"https:\/\/www.sorosoro.org\/en\/kikapu\/","url":"https:\/\/www.sorosoro.org\/en\/kikapu\/","name":"Kikapu - Sorosoro","isPartOf":{"@id":"https:\/\/www.sorosoro.org\/en\/#website"},"datePublished":"2010-04-06T09:19:36+00:00","dateModified":"2011-01-10T11:12:55+00:00","breadcrumb":{"@id":"https:\/\/www.sorosoro.org\/en\/kikapu\/#breadcrumb"},"inLanguage":"en-US","potentialAction":[{"@type":"ReadAction","target":["https:\/\/www.sorosoro.org\/en\/kikapu\/"]}]},{"@type":"BreadcrumbList","@id":"https:\/\/www.sorosoro.org\/en\/kikapu\/#breadcrumb","itemListElement":[{"@type":"ListItem","position":1,"name":"Accueil","item":"https:\/\/www.sorosoro.org\/en\/"},{"@type":"ListItem","position":2,"name":"Kikapu"}]},{"@type":"WebSite","@id":"https:\/\/www.sorosoro.org\/en\/#website","url":"https:\/\/www.sorosoro.org\/en\/","name":"Sorosoro","description":"Pour que vivent les langues du monde !","potentialAction":[{"@type":"SearchAction","target":{"@type":"EntryPoint","urlTemplate":"https:\/\/www.sorosoro.org\/en\/?s={search_term_string}"},"query-input":{"@type":"PropertyValueSpecification","valueRequired":true,"valueName":"search_term_string"}}],"inLanguage":"en-US"}]}},"_links":{"self":[{"href":"https:\/\/www.sorosoro.org\/en\/wp-json\/wp\/v2\/pages\/16832","targetHints":{"allow":["GET"]}}],"collection":[{"href":"https:\/\/www.sorosoro.org\/en\/wp-json\/wp\/v2\/pages"}],"about":[{"href":"https:\/\/www.sorosoro.org\/en\/wp-json\/wp\/v2\/types\/page"}],"author":[{"embeddable":true,"href":"https:\/\/www.sorosoro.org\/en\/wp-json\/wp\/v2\/users\/14"}],"replies":[{"embeddable":true,"href":"https:\/\/www.sorosoro.org\/en\/wp-json\/wp\/v2\/comments?post=16832"}],"version-history":[{"count":0,"href":"https:\/\/www.sorosoro.org\/en\/wp-json\/wp\/v2\/pages\/16832\/revisions"}],"wp:attachment":[{"href":"https:\/\/www.sorosoro.org\/en\/wp-json\/wp\/v2\/media?parent=16832"}],"curies":[{"name":"wp","href":"https:\/\/api.w.org\/{rel}","templated":true}]}}