{"id":16475,"date":"2010-04-02T11:36:03","date_gmt":"2010-04-02T09:36:03","guid":{"rendered":"http:\/\/www.sorosoro.org\/?page_id=16475"},"modified":"2010-04-02T11:48:26","modified_gmt":"2010-04-02T09:48:26","slug":"chuj","status":"publish","type":"page","link":"https:\/\/www.sorosoro.org\/en\/chuj\/","title":{"rendered":"Chuj"},"content":{"rendered":"<p style=\"text-align: justify;\"><em>Data gathered by the <a href=\"http:\/\/www.unilat.org\/SG\/index.fr.asp\">Latin Union<\/a>, engaged to promote the cultural heritages of their 37 state members.<\/em><\/p>\n<p style=\"text-align: justify;\">\n<h5 style=\"text-align: justify;\"><strong>Data on Chuj<\/strong><\/h5>\n<p style=\"text-align: justify;\"><strong> <\/strong><\/p>\n<p style=\"text-align: justify;\"><strong>Alternative names: <\/strong>Chapai, Chuh, Chuhe, Chuje, Koti\u2019<\/p>\n<p style=\"text-align: justify;\"><strong> <\/strong><\/p>\n<p style=\"text-align: justify;\"><strong>Classification: <\/strong><a href=\"https:\/\/www.sorosoro.org\/en\/mayan-languages\">Mayan<\/a>, Chuj<\/p>\n<p style=\"text-align: justify;\">\n<p style=\"text-align: justify;\"><strong>Area<\/strong>: Guatemala, Mexico (Chiapas)<\/p>\n<p style=\"text-align: justify;\">\n<p style=\"text-align: justify;\"><strong>Number of speakers<\/strong>:<\/p>\n<p style=\"text-align: justify;\">1,796, INALI figures<\/p>\n<p style=\"text-align: justify;\">\n<p style=\"text-align: justify;\"><strong>Language status<\/strong>: No official status<\/p>\n<p style=\"text-align: justify;\">\n<p style=\"text-align: justify;\"><strong>Vitality &amp; transmission<\/strong>: Considered by the UNESCO as \u201cvulnerable\u201d in Guatemala, \u201cseriously endangered\u201d in Mexico.<\/p>\n<p style=\"text-align: justify;\">\n<h5 style=\"text-align: justify;\"><strong>Sources, additional bibliography &amp; links for more information<\/strong><\/h5>\n<p style=\"text-align: justify;\"><strong> <\/strong><\/p>\n<p style=\"text-align: justify;\">Instituto Nacional de Lenguas Ind\u00edgenas \u2013 INALI (2005), Cat\u00e1logo de lenguas ind\u00edgenas mexicanas: Cartograf\u00eda contempor\u00e1nea de sus asentamientos hist\u00f3ricos<\/p>\n<p style=\"text-align: justify;\">LECLERC, Jacques. \u00ab Les langues mayas \u00bb in L\u2019am\u00e9nagement linguistique dans le monde, Qu\u00e9bec, TLFQ, Universit\u00e9 de Laval\u00a0: [<a href=\"http:\/\/www.tlfq.ulaval.ca\/AXL\/amsudant\/Mayas_langues.htm\">http:\/\/www.tlfq.ulaval.ca\/AXL\/amsudant\/Mayas_langues.htm<\/a>]<\/p>\n<p style=\"text-align: justify;\">\n<p style=\"text-align: justify;\"><strong>Database &amp; language typlogy\u00a0:<\/strong><\/p>\n<p style=\"text-align: justify;\"><a href=\"http:\/\/www.unicaen.fr\/typo_langues\/consultation_langue.php?code_SIL=CNM&amp;langue=Chuj,%20Ixtat%C3%A1n&amp;malang=fr\">http:\/\/www.unicaen.fr\/typo_langues\/consultation_langue.php?code_SIL=CNM&amp;langue=Chuj,%20Ixtat%C3%A1n&amp;malang=fr<\/a><\/p>\n<p style=\"text-align: justify;\">\n<p style=\"text-align: justify;\"><em>Donn\u00e9es recueillies par<a href=\"http:\/\/www.portalingua.info\/fr\/langues_traitees\/Neolatines\/1\/index.php?formActive=1&amp;lang=108\"> portalingua<\/a>, le site de l&#8217;union latine <\/em><\/p>\n<p><em><img loading=\"lazy\" decoding=\"async\" title=\"logo_ul_04_leger_trespetit\" src=\"..\/wp-content\/uploads\/logo_ul_04_leger_trespetit2.gif\" alt=\"logo_ul_04_leger_trespetit\" width=\"70\" height=\"76\" \/><\/em><\/p>\n","protected":false},"excerpt":{"rendered":"<p>Data gathered by the Latin Union, engaged to promote the cultural heritages of their 37 state members. Data on Chuj Alternative names: Chapai, Chuh, Chuhe, Chuje, Koti\u2019 Classification: Mayan, Chuj Area: Guatemala, Mexico (Chiapas) Number of speakers: 1,796, INALI figures Language status: No official status Vitality &amp; transmission: Considered by the UNESCO as \u201cvulnerable\u201d in [&hellip;]<\/p>\n","protected":false},"author":14,"featured_media":0,"parent":0,"menu_order":0,"comment_status":"closed","ping_status":"open","template":"","meta":{"footnotes":""},"class_list":["post-16475","page","type-page","status-publish","hentry"],"yoast_head":"<!-- This site is optimized with the Yoast SEO plugin v27.0 - https:\/\/yoast.com\/product\/yoast-seo-wordpress\/ -->\n<title>Chuj - Sorosoro<\/title>\n<meta name=\"robots\" content=\"index, follow, max-snippet:-1, max-image-preview:large, max-video-preview:-1\" \/>\n<link rel=\"canonical\" href=\"https:\/\/www.sorosoro.org\/en\/chuj\/\" \/>\n<meta property=\"og:locale\" content=\"en_US\" \/>\n<meta property=\"og:type\" content=\"article\" \/>\n<meta property=\"og:title\" content=\"Chuj - Sorosoro\" \/>\n<meta property=\"og:description\" content=\"Data gathered by the Latin Union, engaged to promote the cultural heritages of their 37 state members. Data on Chuj Alternative names: Chapai, Chuh, Chuhe, Chuje, Koti\u2019 Classification: Mayan, Chuj Area: Guatemala, Mexico (Chiapas) Number of speakers: 1,796, INALI figures Language status: No official status Vitality &amp; transmission: Considered by the UNESCO as \u201cvulnerable\u201d in [&hellip;]\" \/>\n<meta property=\"og:url\" content=\"https:\/\/www.sorosoro.org\/en\/chuj\/\" \/>\n<meta property=\"og:site_name\" content=\"Sorosoro\" \/>\n<meta property=\"article:modified_time\" content=\"2010-04-02T09:48:26+00:00\" \/>\n<meta name=\"twitter:card\" content=\"summary_large_image\" \/>\n<meta name=\"twitter:label1\" content=\"Est. reading time\" \/>\n\t<meta name=\"twitter:data1\" content=\"1 minute\" \/>\n<script type=\"application\/ld+json\" class=\"yoast-schema-graph\">{\"@context\":\"https:\/\/schema.org\",\"@graph\":[{\"@type\":\"WebPage\",\"@id\":\"https:\/\/www.sorosoro.org\/en\/chuj\/\",\"url\":\"https:\/\/www.sorosoro.org\/en\/chuj\/\",\"name\":\"Chuj - Sorosoro\",\"isPartOf\":{\"@id\":\"https:\/\/www.sorosoro.org\/en\/#website\"},\"datePublished\":\"2010-04-02T09:36:03+00:00\",\"dateModified\":\"2010-04-02T09:48:26+00:00\",\"breadcrumb\":{\"@id\":\"https:\/\/www.sorosoro.org\/en\/chuj\/#breadcrumb\"},\"inLanguage\":\"en-US\",\"potentialAction\":[{\"@type\":\"ReadAction\",\"target\":[\"https:\/\/www.sorosoro.org\/en\/chuj\/\"]}]},{\"@type\":\"BreadcrumbList\",\"@id\":\"https:\/\/www.sorosoro.org\/en\/chuj\/#breadcrumb\",\"itemListElement\":[{\"@type\":\"ListItem\",\"position\":1,\"name\":\"Accueil\",\"item\":\"https:\/\/www.sorosoro.org\/en\/\"},{\"@type\":\"ListItem\",\"position\":2,\"name\":\"Chuj\"}]},{\"@type\":\"WebSite\",\"@id\":\"https:\/\/www.sorosoro.org\/en\/#website\",\"url\":\"https:\/\/www.sorosoro.org\/en\/\",\"name\":\"Sorosoro\",\"description\":\"Pour que vivent les langues du monde !\",\"potentialAction\":[{\"@type\":\"SearchAction\",\"target\":{\"@type\":\"EntryPoint\",\"urlTemplate\":\"https:\/\/www.sorosoro.org\/en\/?s={search_term_string}\"},\"query-input\":{\"@type\":\"PropertyValueSpecification\",\"valueRequired\":true,\"valueName\":\"search_term_string\"}}],\"inLanguage\":\"en-US\"}]}<\/script>\n<!-- \/ Yoast SEO plugin. -->","yoast_head_json":{"title":"Chuj - Sorosoro","robots":{"index":"index","follow":"follow","max-snippet":"max-snippet:-1","max-image-preview":"max-image-preview:large","max-video-preview":"max-video-preview:-1"},"canonical":"https:\/\/www.sorosoro.org\/en\/chuj\/","og_locale":"en_US","og_type":"article","og_title":"Chuj - Sorosoro","og_description":"Data gathered by the Latin Union, engaged to promote the cultural heritages of their 37 state members. Data on Chuj Alternative names: Chapai, Chuh, Chuhe, Chuje, Koti\u2019 Classification: Mayan, Chuj Area: Guatemala, Mexico (Chiapas) Number of speakers: 1,796, INALI figures Language status: No official status Vitality &amp; transmission: Considered by the UNESCO as \u201cvulnerable\u201d in [&hellip;]","og_url":"https:\/\/www.sorosoro.org\/en\/chuj\/","og_site_name":"Sorosoro","article_modified_time":"2010-04-02T09:48:26+00:00","twitter_card":"summary_large_image","twitter_misc":{"Est. reading time":"1 minute"},"schema":{"@context":"https:\/\/schema.org","@graph":[{"@type":"WebPage","@id":"https:\/\/www.sorosoro.org\/en\/chuj\/","url":"https:\/\/www.sorosoro.org\/en\/chuj\/","name":"Chuj - Sorosoro","isPartOf":{"@id":"https:\/\/www.sorosoro.org\/en\/#website"},"datePublished":"2010-04-02T09:36:03+00:00","dateModified":"2010-04-02T09:48:26+00:00","breadcrumb":{"@id":"https:\/\/www.sorosoro.org\/en\/chuj\/#breadcrumb"},"inLanguage":"en-US","potentialAction":[{"@type":"ReadAction","target":["https:\/\/www.sorosoro.org\/en\/chuj\/"]}]},{"@type":"BreadcrumbList","@id":"https:\/\/www.sorosoro.org\/en\/chuj\/#breadcrumb","itemListElement":[{"@type":"ListItem","position":1,"name":"Accueil","item":"https:\/\/www.sorosoro.org\/en\/"},{"@type":"ListItem","position":2,"name":"Chuj"}]},{"@type":"WebSite","@id":"https:\/\/www.sorosoro.org\/en\/#website","url":"https:\/\/www.sorosoro.org\/en\/","name":"Sorosoro","description":"Pour que vivent les langues du monde !","potentialAction":[{"@type":"SearchAction","target":{"@type":"EntryPoint","urlTemplate":"https:\/\/www.sorosoro.org\/en\/?s={search_term_string}"},"query-input":{"@type":"PropertyValueSpecification","valueRequired":true,"valueName":"search_term_string"}}],"inLanguage":"en-US"}]}},"_links":{"self":[{"href":"https:\/\/www.sorosoro.org\/en\/wp-json\/wp\/v2\/pages\/16475","targetHints":{"allow":["GET"]}}],"collection":[{"href":"https:\/\/www.sorosoro.org\/en\/wp-json\/wp\/v2\/pages"}],"about":[{"href":"https:\/\/www.sorosoro.org\/en\/wp-json\/wp\/v2\/types\/page"}],"author":[{"embeddable":true,"href":"https:\/\/www.sorosoro.org\/en\/wp-json\/wp\/v2\/users\/14"}],"replies":[{"embeddable":true,"href":"https:\/\/www.sorosoro.org\/en\/wp-json\/wp\/v2\/comments?post=16475"}],"version-history":[{"count":0,"href":"https:\/\/www.sorosoro.org\/en\/wp-json\/wp\/v2\/pages\/16475\/revisions"}],"wp:attachment":[{"href":"https:\/\/www.sorosoro.org\/en\/wp-json\/wp\/v2\/media?parent=16475"}],"curies":[{"name":"wp","href":"https:\/\/api.w.org\/{rel}","templated":true}]}}