{"id":16440,"date":"2010-04-02T10:41:31","date_gmt":"2010-04-02T08:41:31","guid":{"rendered":"http:\/\/www.sorosoro.org\/?page_id=16440"},"modified":"2010-04-02T10:42:58","modified_gmt":"2010-04-02T08:42:58","slug":"cemuhi","status":"publish","type":"page","link":"https:\/\/www.sorosoro.org\/en\/cemuhi\/","title":{"rendered":"Cemuh\u00ee"},"content":{"rendered":"<p style=\"text-align: justify;\"><em>Data gathered by the <a href=\"http:\/\/www.unilat.org\/SG\/index.fr.asp\">Latin Union<\/a>, engaged to promote the cultural heritages of their 37 state members.<\/em><\/p>\n<h5><strong>Data on Cemuh\u00ee<\/strong><\/h5>\n<p><strong> <\/strong><\/p>\n<p style=\"text-align: justify;\"><strong>Classification: <\/strong><a href=\"https:\/\/www.sorosoro.org\/en\/austronesian-languages\">Austronesian<\/a>, Oceanic, New Caledonia<\/p>\n<p style=\"text-align: justify;\"><strong>Area<\/strong>: New Caledonia<\/p>\n<p style=\"text-align: justify;\"><strong>Number of speakers<\/strong>: 3,300<\/p>\n<p style=\"text-align: justify;\">807 speakers of Cemuh\u00ee live outside the tradition settling area, among which 277 (&gt;14 years old) live in the Southern Province.<\/p>\n<p style=\"text-align: justify;\">Other estimates: Leenhardt (1946) 1,200; Rivierre (1982) 2,100; 1996 ITSEE census (&gt;14 years old) 2,051<\/p>\n<p style=\"text-align: justify;\"><strong>Language status<\/strong>: No official status<\/p>\n<p style=\"text-align: justify;\"><strong>Vitality &amp; transmission<\/strong>: We have no information regarding the vitality of Cemuh\u00ee.<\/p>\n<p style=\"text-align: justify;\"><strong>Instruction<\/strong>: Brief teaching experiences were held around Ty\u00e9 in the 80s.<\/p>\n<h5><strong>Sociolinguistic observations<\/strong><\/h5>\n<p><strong> <\/strong><\/p>\n<p style=\"text-align: justify;\">This language belongs to the <em>aire coutumi\u00e8re<\/em> (\u201ctraditional sphere\u201d) of Paici-Camuki.<\/p>\n<h5><strong>Linguistic observations<\/strong><\/h5>\n<p><strong> <\/strong><\/p>\n<p style=\"text-align: justify;\">No tradition of script, although Cemuh\u00ee was rather appropriately transcribed by the Marists.<\/p>\n<h5><strong>Sources &amp; additional bibliography<\/strong><\/h5>\n<p style=\"text-align: justify;\">D\u00e9l\u00e9gation g\u00e9n\u00e9rale \u00e0 la langue fran\u00e7aise et aux langues de France<\/p>\n<p style=\"text-align: justify;\">ITSEE (Institut Territorial de la Statistique et des \u00c9tudes \u00c9conomiques), 1998, Panorama des Tribus, Notes et Documents, n\u00b078, 79, 80, Noum\u00e9a.<\/p>\n<p style=\"text-align: justify;\">MOYSE-FAURIE Claire, 1991, Bibliographie linguistique de la Nouvelle-Cal\u00e9donie 1800-1990, ron\u00e9ot\u00e9, Etude des Soci\u00e9t\u00e9s Kanak (ESK)<\/p>\n<p style=\"text-align: justify;\">O\u2019REILLY Patrick, 1955, Bibliographie de la Nouvelle-Cal\u00e9donie, Paris, Mus\u00e9e de l\u2019Homme (Publications de la Soci\u00e9t\u00e9 des Oc\u00e9anistes, 4), IX + 361 p.<\/p>\n<p style=\"text-align: justify;\">RIVIERRE Jean-Claude, 1981, Linguistique \u2013 Notice linguistique de la Nouvelle-Cal\u00e9donie et carte (planche en couleur n\u00b0 19), Atlas de la Nouvelle-Cal\u00e9donie et D\u00e9pendances, Paris, ORSTOM.<\/p>\n<p style=\"text-align: justify;\">HAUDRICOURT A.-G., 1971, New Caledonia and the Loyalty Islands, Current Trends in Linguistics 8 Linguistics in Oceania (T.A. Sebeok ed.), La Haye\/Paris, Mouton, pp. 359-396.<\/p>\n<p style=\"text-align: justify;\">HAUDRICOURT A.-G., J.-C. RIVIERRE, F. OZANNE-RIVIERRE, C. MOYSE-FAURIE et J. DE LA FONTINELLE, 1979, Les langues m\u00e9lan\u00e9siennes de Nouvelle-Cal\u00e9donie, Noum\u00e9a, D.E.C. (Eveil, 13), 105 p.<\/p>\n<p style=\"text-align: justify;\">LEENHARDT Maurice, 1946, Langues et Dialectes de l\u2019Austro-M\u00e9lan\u00e9sie, Paris, Institut d\u2019Ethnologie (Travaux et M\u00e9moires, XLVI), XLVIII + 676 p.<\/p>\n<p style=\"text-align: justify;\">MOYSE-FAURIE Claire, 1984, L\u2019opposition verbo-nominale dans les langues d\u2019Oc\u00e9anie, Mod\u00e8les linguistiques VI\/1, pp. 117-125.<\/p>\n<p style=\"text-align: justify;\">MOYSE-FAURIE C. et F. OZANNE-RIVIERRE, 1983, Subject Case Markers and Word Order in New Caledonia and Loyalty Islands Languages, Papers from the Third International Conference on Austronesian Linguistics 4 : Thematic Variation, Canberra, The Australian National University (Pacific Linguistics, Series C, 77), pp. 113-152.<\/p>\n<p style=\"text-align: justify;\">&#8211; 1999, Negation in New Caledonian languages, in U. Mosel and E. Hovdhaugen eds, Negation in Oceanic languages, Lincom.Europa, pp. 57-79.<\/p>\n<p style=\"text-align: justify;\">OZANNE-RIVIERRE F., 1992, The Proto-Oceanic consonant system and the languages of New Caledonia, Oceanic Linguistics, 31\/2, pp. 191-207.<\/p>\n<p style=\"text-align: justify;\">&#8211; 1994, L\u2019orientation dans l\u2019espace \u00e0 travers les langues kanak, Cahiers des Conf\u00e9rences de l\u2019ADCK, 2, Noum\u00e9a, Agence de D\u00e9veloppement de la Culture Kanak, pp.1-40.<\/p>\n<p style=\"text-align: justify;\">&#8211; 2000, Terminologie de parent\u00e9 proto-oc\u00e9anienne, continuit\u00e9 et changement dans les langues kanak, in A. Bensa et I. Leblic (eds.), En pays kanak aujourd\u2019hui : arch\u00e9ologie, linguistique, ethnologie, histoire, Paris, Mission du Patrimoine ethnologique\/Ed. de la MSH, pp. 69-100.<\/p>\n<p style=\"text-align: justify;\">OZANNE-RIVIERRE F. et RIVIERRE J.-C., 1989, Nasalization\/Oralization: Nasal Vowel Development and Consonant Shifts in New Caledonian Languages, in R. Harlow and R. Hooper eds, Papers from the Fifth International Conference on Austronesian Linguistics (VICAL 1), Auckland, Linguistic Society of New Zealand, pp. 399-412.<\/p>\n<p style=\"text-align: justify;\">MOYSE-FAURIE C., 2000, Langues minoritaires et politiques linguistiques : le cas des langues oc\u00e9aniennes, in M\u00e9moires de la Soci\u00e9t\u00e9 de Linguistique de Paris, Les langues en danger, nouvelle s\u00e9rie, tome VIII, pp. 79-104.<\/p>\n<p style=\"text-align: justify;\">SCHOOLING S., 1990, Language maintenance in Melanesia. Sociolinguistics and social networks in New Caledonia, SIL, The University of Texas at Arlington.<\/p>\n<p style=\"text-align: justify;\">RIVIERRE J.-C., F. OZANNE-RIVIERRE et C. MOYSE-FAURIE, 1980, Mythes et contes de la Grande Terre et des \u00eeles Loyaut\u00e9 (Nouvelle-Cal\u00e9donie), Paris, SELAF (LACITO-Documents Asie-Austron\u00e9sie, 3), 225 p.<\/p>\n<p style=\"text-align: justify;\">SAM L. D., 1999, Contes et l\u00e9gendes oc\u00e9aniens, Noum\u00e9a, ADCK.<\/p>\n<p style=\"text-align: justify;\">Walepane Wanir, 1993, Aux Vents des \u00eeles, Noum\u00e9a, Agence de D\u00e9veloppement de la Culture Kanak (ADCK), 339 p.<\/p>\n","protected":false},"excerpt":{"rendered":"<p>Data gathered by the Latin Union, engaged to promote the cultural heritages of their 37 state members. Data on Cemuh\u00ee Classification: Austronesian, Oceanic, New Caledonia Area: New Caledonia Number of speakers: 3,300 807 speakers of Cemuh\u00ee live outside the tradition settling area, among which 277 (&gt;14 years old) live in the Southern Province. Other estimates: [&hellip;]<\/p>\n","protected":false},"author":14,"featured_media":0,"parent":0,"menu_order":0,"comment_status":"closed","ping_status":"open","template":"","meta":{"footnotes":""},"class_list":["post-16440","page","type-page","status-publish","hentry"],"yoast_head":"<!-- This site is optimized with the Yoast SEO plugin v27.0 - https:\/\/yoast.com\/product\/yoast-seo-wordpress\/ -->\n<title>Cemuh\u00ee - Sorosoro<\/title>\n<meta name=\"robots\" content=\"index, follow, max-snippet:-1, max-image-preview:large, max-video-preview:-1\" \/>\n<link rel=\"canonical\" href=\"https:\/\/www.sorosoro.org\/en\/cemuhi\/\" \/>\n<meta property=\"og:locale\" content=\"en_US\" \/>\n<meta property=\"og:type\" content=\"article\" \/>\n<meta property=\"og:title\" content=\"Cemuh\u00ee - Sorosoro\" \/>\n<meta property=\"og:description\" content=\"Data gathered by the Latin Union, engaged to promote the cultural heritages of their 37 state members. Data on Cemuh\u00ee Classification: Austronesian, Oceanic, New Caledonia Area: New Caledonia Number of speakers: 3,300 807 speakers of Cemuh\u00ee live outside the tradition settling area, among which 277 (&gt;14 years old) live in the Southern Province. Other estimates: [&hellip;]\" \/>\n<meta property=\"og:url\" content=\"https:\/\/www.sorosoro.org\/en\/cemuhi\/\" \/>\n<meta property=\"og:site_name\" content=\"Sorosoro\" \/>\n<meta property=\"article:modified_time\" content=\"2010-04-02T08:42:58+00:00\" \/>\n<meta name=\"twitter:card\" content=\"summary_large_image\" \/>\n<meta name=\"twitter:label1\" content=\"Est. reading time\" \/>\n\t<meta name=\"twitter:data1\" content=\"3 minutes\" \/>\n<script type=\"application\/ld+json\" class=\"yoast-schema-graph\">{\"@context\":\"https:\/\/schema.org\",\"@graph\":[{\"@type\":\"WebPage\",\"@id\":\"https:\/\/www.sorosoro.org\/en\/cemuhi\/\",\"url\":\"https:\/\/www.sorosoro.org\/en\/cemuhi\/\",\"name\":\"Cemuh\u00ee - Sorosoro\",\"isPartOf\":{\"@id\":\"https:\/\/www.sorosoro.org\/en\/#website\"},\"datePublished\":\"2010-04-02T08:41:31+00:00\",\"dateModified\":\"2010-04-02T08:42:58+00:00\",\"breadcrumb\":{\"@id\":\"https:\/\/www.sorosoro.org\/en\/cemuhi\/#breadcrumb\"},\"inLanguage\":\"en-US\",\"potentialAction\":[{\"@type\":\"ReadAction\",\"target\":[\"https:\/\/www.sorosoro.org\/en\/cemuhi\/\"]}]},{\"@type\":\"BreadcrumbList\",\"@id\":\"https:\/\/www.sorosoro.org\/en\/cemuhi\/#breadcrumb\",\"itemListElement\":[{\"@type\":\"ListItem\",\"position\":1,\"name\":\"Accueil\",\"item\":\"https:\/\/www.sorosoro.org\/en\/\"},{\"@type\":\"ListItem\",\"position\":2,\"name\":\"Cemuh\u00ee\"}]},{\"@type\":\"WebSite\",\"@id\":\"https:\/\/www.sorosoro.org\/en\/#website\",\"url\":\"https:\/\/www.sorosoro.org\/en\/\",\"name\":\"Sorosoro\",\"description\":\"Pour que vivent les langues du monde !\",\"potentialAction\":[{\"@type\":\"SearchAction\",\"target\":{\"@type\":\"EntryPoint\",\"urlTemplate\":\"https:\/\/www.sorosoro.org\/en\/?s={search_term_string}\"},\"query-input\":{\"@type\":\"PropertyValueSpecification\",\"valueRequired\":true,\"valueName\":\"search_term_string\"}}],\"inLanguage\":\"en-US\"}]}<\/script>\n<!-- \/ Yoast SEO plugin. -->","yoast_head_json":{"title":"Cemuh\u00ee - Sorosoro","robots":{"index":"index","follow":"follow","max-snippet":"max-snippet:-1","max-image-preview":"max-image-preview:large","max-video-preview":"max-video-preview:-1"},"canonical":"https:\/\/www.sorosoro.org\/en\/cemuhi\/","og_locale":"en_US","og_type":"article","og_title":"Cemuh\u00ee - Sorosoro","og_description":"Data gathered by the Latin Union, engaged to promote the cultural heritages of their 37 state members. Data on Cemuh\u00ee Classification: Austronesian, Oceanic, New Caledonia Area: New Caledonia Number of speakers: 3,300 807 speakers of Cemuh\u00ee live outside the tradition settling area, among which 277 (&gt;14 years old) live in the Southern Province. Other estimates: [&hellip;]","og_url":"https:\/\/www.sorosoro.org\/en\/cemuhi\/","og_site_name":"Sorosoro","article_modified_time":"2010-04-02T08:42:58+00:00","twitter_card":"summary_large_image","twitter_misc":{"Est. reading time":"3 minutes"},"schema":{"@context":"https:\/\/schema.org","@graph":[{"@type":"WebPage","@id":"https:\/\/www.sorosoro.org\/en\/cemuhi\/","url":"https:\/\/www.sorosoro.org\/en\/cemuhi\/","name":"Cemuh\u00ee - Sorosoro","isPartOf":{"@id":"https:\/\/www.sorosoro.org\/en\/#website"},"datePublished":"2010-04-02T08:41:31+00:00","dateModified":"2010-04-02T08:42:58+00:00","breadcrumb":{"@id":"https:\/\/www.sorosoro.org\/en\/cemuhi\/#breadcrumb"},"inLanguage":"en-US","potentialAction":[{"@type":"ReadAction","target":["https:\/\/www.sorosoro.org\/en\/cemuhi\/"]}]},{"@type":"BreadcrumbList","@id":"https:\/\/www.sorosoro.org\/en\/cemuhi\/#breadcrumb","itemListElement":[{"@type":"ListItem","position":1,"name":"Accueil","item":"https:\/\/www.sorosoro.org\/en\/"},{"@type":"ListItem","position":2,"name":"Cemuh\u00ee"}]},{"@type":"WebSite","@id":"https:\/\/www.sorosoro.org\/en\/#website","url":"https:\/\/www.sorosoro.org\/en\/","name":"Sorosoro","description":"Pour que vivent les langues du monde !","potentialAction":[{"@type":"SearchAction","target":{"@type":"EntryPoint","urlTemplate":"https:\/\/www.sorosoro.org\/en\/?s={search_term_string}"},"query-input":{"@type":"PropertyValueSpecification","valueRequired":true,"valueName":"search_term_string"}}],"inLanguage":"en-US"}]}},"_links":{"self":[{"href":"https:\/\/www.sorosoro.org\/en\/wp-json\/wp\/v2\/pages\/16440","targetHints":{"allow":["GET"]}}],"collection":[{"href":"https:\/\/www.sorosoro.org\/en\/wp-json\/wp\/v2\/pages"}],"about":[{"href":"https:\/\/www.sorosoro.org\/en\/wp-json\/wp\/v2\/types\/page"}],"author":[{"embeddable":true,"href":"https:\/\/www.sorosoro.org\/en\/wp-json\/wp\/v2\/users\/14"}],"replies":[{"embeddable":true,"href":"https:\/\/www.sorosoro.org\/en\/wp-json\/wp\/v2\/comments?post=16440"}],"version-history":[{"count":0,"href":"https:\/\/www.sorosoro.org\/en\/wp-json\/wp\/v2\/pages\/16440\/revisions"}],"wp:attachment":[{"href":"https:\/\/www.sorosoro.org\/en\/wp-json\/wp\/v2\/media?parent=16440"}],"curies":[{"name":"wp","href":"https:\/\/api.w.org\/{rel}","templated":true}]}}